{"id":3104,"date":"2026-01-22T11:23:27","date_gmt":"2026-01-22T10:23:27","guid":{"rendered":"https:\/\/mariebedot.fr\/?post_type=product&#038;p=3104"},"modified":"2026-01-22T11:42:10","modified_gmt":"2026-01-22T10:42:10","slug":"carte-cadeau","status":"publish","type":"product","link":"https:\/\/mariebedot.fr\/index.php\/produit\/carte-cadeau\/","title":{"rendered":"Carte Cadeau"},"content":{"rendered":"<h3 data-path-to-node=\"7\">Le cadeau id\u00e9al pour ceux qui r\u00eavent d&rsquo;un jardin parfait<\/h3>\n<p data-path-to-node=\"8\">Vous voulez faire plaisir \u00e0 un proche qui vient d\u2019emm\u00e9nager ou qui souhaite redonner vie \u00e0 son ext\u00e9rieur ? La carte cadeau paysag\u00e8re est la solution id\u00e9ale pour transformer des h\u00e9sitations en un projet concret et harmonieux.<\/p>\n<p data-path-to-node=\"9\"><b data-path-to-node=\"9\" data-index-in-node=\"0\">Ce que comprend cette carte cadeau :<\/b> Gr\u00e2ce \u00e0 ce bon, le b\u00e9n\u00e9ficiaire b\u00e9n\u00e9ficie de mon expertise de sp\u00e9cialiste du paysage pour un accompagnement personnalis\u00e9 :<\/p>\n<ul data-path-to-node=\"10\">\n<li>\n<p data-path-to-node=\"10,0,0\"><b data-path-to-node=\"10,0,0\" data-index-in-node=\"0\">Analyse &amp; \u00c9change :<\/b> Un premier rendez-vous pour d\u00e9finir le style, les mat\u00e9riaux et les couleurs.<\/p>\n<\/li>\n<li><strong>Croquis<\/strong> de projection du futur jardin<\/li>\n<li>\n<p data-path-to-node=\"10,0,0\"><b data-path-to-node=\"10,2,0\" data-index-in-node=\"0\"><\/b><b data-path-to-node=\"10,3,0\" data-index-in-node=\"0\">Guide d&rsquo;achat :<\/b> Une liste d\u00e9taill\u00e9e (v\u00e9g\u00e9taux, mobilier, d\u00e9co) pour passer \u00e0 l&rsquo;action.<\/p>\n<\/li>\n<\/ul>\n<p>A vous de choisir l&rsquo;option qui vous convient entre une visite conseil de 2h ou une \u00e9tude plus compl\u00e8te<\/p>\n","protected":false},"excerpt":{"rendered":"<p>Visite de 2h sur place pour des conseils d&rsquo;expert<strong>. Une belle attention, utile et durable, pour toutes les occasions !<\/strong><\/p>\n","protected":false},"featured_media":3108,"comment_status":"closed","ping_status":"closed","template":"","meta":[],"product_brand":[],"product_cat":[107,105,106],"product_tag":[108],"class_list":{"0":"post-3104","1":"product","2":"type-product","3":"status-publish","4":"has-post-thumbnail","6":"product_cat-amenagement-exterieur","7":"product_cat-decoration-exterieur","8":"product_cat-jardin","9":"product_tag-jardin","11":"first","12":"instock","13":"taxable","14":"shipping-taxable","15":"purchasable","16":"product-type-simple"},"_links":{"self":[{"href":"https:\/\/mariebedot.fr\/index.php\/wp-json\/wp\/v2\/product\/3104","targetHints":{"allow":["GET"]}}],"collection":[{"href":"https:\/\/mariebedot.fr\/index.php\/wp-json\/wp\/v2\/product"}],"about":[{"href":"https:\/\/mariebedot.fr\/index.php\/wp-json\/wp\/v2\/types\/product"}],"replies":[{"embeddable":true,"href":"https:\/\/mariebedot.fr\/index.php\/wp-json\/wp\/v2\/comments?post=3104"}],"wp:featuredmedia":[{"embeddable":true,"href":"https:\/\/mariebedot.fr\/index.php\/wp-json\/wp\/v2\/media\/3108"}],"wp:attachment":[{"href":"https:\/\/mariebedot.fr\/index.php\/wp-json\/wp\/v2\/media?parent=3104"}],"wp:term":[{"taxonomy":"product_brand","embeddable":true,"href":"https:\/\/mariebedot.fr\/index.php\/wp-json\/wp\/v2\/product_brand?post=3104"},{"taxonomy":"product_cat","embeddable":true,"href":"https:\/\/mariebedot.fr\/index.php\/wp-json\/wp\/v2\/product_cat?post=3104"},{"taxonomy":"product_tag","embeddable":true,"href":"https:\/\/mariebedot.fr\/index.php\/wp-json\/wp\/v2\/product_tag?post=3104"}],"curies":[{"name":"wp","href":"https:\/\/api.w.org\/{rel}","templated":true}]}}